

{"id":36,"date":"2016-05-13T08:56:39","date_gmt":"2016-05-13T08:56:39","guid":{"rendered":"https:\/\/www.fiore-di-muntagna.com\/?page_id=36"},"modified":"2016-12-16T10:01:01","modified_gmt":"2016-12-16T09:01:01","slug":"about-us","status":"publish","type":"page","link":"https:\/\/www.fiore-di-muntagna.com\/?page_id=36","title":{"rendered":"La fromagerie"},"content":{"rendered":"<p>[vc_row full_width=\u00a0\u00bbstretch_row_content_no_spaces\u00a0\u00bb][vc_column][vc_single_image image=\u00a0\u00bb1028&Prime; img_size=\u00a0\u00bbfull\u00a0\u00bb][\/vc_column][\/vc_row][vc_row][vc_column width=\u00a0\u00bb1\/6&Prime;][\/vc_column][vc_column width=\u00a0\u00bb2\/3&Prime;]<div  \n\tclass=\"sc_promo sc_promo_default sc_promo_size_normal sc_promo_no_paddings sc_promo_no_image\"\n\t\t><div class=\"sc_promo_text trx_addons_stretch_height\" style=\"width: 100%;\">\n\t\t\t<div class=\"sc_promo_text_inner sc_align_center\" style=\"\"><div class=\"sc_promo_icon\" data-icon=\"icon-home-alt\"><span class=\"icon-home-alt\"><\/span><\/div><h5 class=\"sc_item_subtitle sc_promo_subtitle\">En plein coeur de la montagne<\/h5><div class=\"sc_promo_content sc_item_content\">[vc_column_text]Nous vous souhaitons la bienvenue en Corse, dans notre fromagerie artisanale situ\u00e9e en plein maquis sur la c\u00f4te orientale de l&rsquo;\u00eele de Beaut\u00e9. Notre fromagerie vous pr\u00e9sente sur ce site ses fromages corses : tomette Corse et petit brebis FIORE di MUNTAGNA, le Corsetin, le Broccio Passu&#8230;.[\/vc_column_text]<\/div><div class=\"sc_promo_button_image sc_item_button_image\"><img src=\"https:\/\/www.fiore-di-muntagna.com\/wp-content\/uploads\/2016\/07\/signature.png\" alt=\"\" width=\"432\" height=\"128\"><\/div><\/div>\n\t\t<\/div><!-- \/.sc_promo_text --><\/div><!-- \/.sc_promo --><div id=\"sc_skills_1191861420\"\n\t\tclass=\"sc_skills sc_skills_counter\"\n\t\t\t\tdata-type=\"counter\"\n\t\t><div class=\"sc_skills_columns sc_item_columns trx_addons_columns_wrap columns_padding_bottom\"><div class=\"sc_skills_column trx_addons_column-1_4\"><div class=\"sc_skills_item_wrap\"><div class=\"sc_skills_item\"><div class=\"sc_skills_icon icon-users-group\"><\/div><div class=\"sc_skills_total\" data-start=\"0\" data-stop=\"2\" data-step=\"100\" data-max=\"10000\" data-speed=\"38\" data-duration=\"1\" data-ed=\"\">0<\/div><\/div><div class=\"sc_skills_item_title\">G\u00e9n\u00e9rations<\/div><\/div><\/div><div class=\"sc_skills_column trx_addons_column-1_4\"><div class=\"sc_skills_item_wrap\"><div class=\"sc_skills_item\"><div class=\"sc_skills_icon icon-hourglass\"><\/div><div class=\"sc_skills_total\" data-start=\"0\" data-stop=\"70\" data-step=\"100\" data-max=\"10000\" data-speed=\"36\" data-duration=\"25\" data-ed=\"\">0<\/div><\/div><div class=\"sc_skills_item_title\">Ann\u00e9es d&#039;exp\u00e9rience<\/div><\/div><\/div><div class=\"sc_skills_column trx_addons_column-1_4\"><div class=\"sc_skills_item_wrap\"><div class=\"sc_skills_item\"><div class=\"sc_skills_icon fa fa-pie-chart\"><\/div><div class=\"sc_skills_total\" data-start=\"0\" data-stop=\"700\" data-step=\"100\" data-max=\"10000\" data-speed=\"17\" data-duration=\"119\" data-ed=\"\">0<\/div><\/div><div class=\"sc_skills_item_title\">Petits Brebis<\/div><\/div><\/div><div class=\"sc_skills_column trx_addons_column-1_4\"><div class=\"sc_skills_item_wrap\"><div class=\"sc_skills_item\"><div class=\"sc_skills_icon icon-food\"><\/div><div class=\"sc_skills_total\" data-start=\"0\" data-stop=\"1000\" data-step=\"100\" data-max=\"10000\" data-speed=\"28\" data-duration=\"280\" data-ed=\"\">0<\/div><\/div><div class=\"sc_skills_item_title\">Litres de lait<\/div><\/div><\/div><\/div><\/div>[\/vc_column][vc_column width=\u00a0\u00bb1\/6&Prime;][\/vc_column][\/vc_row][vc_row full_width=\u00a0\u00bbstretch_row_content_no_spaces\u00a0\u00bb content_placement=\u00a0\u00bbmiddle\u00a0\u00bb][vc_column width=\u00a0\u00bb1\/2&Prime;][vc_single_image image=\u00a0\u00bb1036&Prime; img_size=\u00a0\u00bbfull\u00a0\u00bb alignment=\u00a0\u00bbcenter\u00a0\u00bb][\/vc_column][vc_column width=\u00a0\u00bb1\/2&Prime;][vc_single_image image=\u00a0\u00bb1033&Prime; img_size=\u00a0\u00bbfull\u00a0\u00bb][\/vc_column][\/vc_row][vc_row full_width=\u00a0\u00bbstretch_row\u00a0\u00bb scheme=\u00a0\u00bbdark\u00a0\u00bb][vc_column width=\u00a0\u00bb1\/6&Prime;][\/vc_column][vc_column width=\u00a0\u00bb2\/3&Prime;][vc_empty_space alter_height=\u00a0\u00bbsmall\u00a0\u00bb hide_on_mobile=\u00a0\u00bb\u00a0\u00bb]<div  \n\tclass=\"sc_icons sc_icons_default sc_icons_size_large sc_align_center\"\n\t\t><div class=\"sc_icons_item\"><div class=\"sc_icons_icon sc_icons_icon_type_fontawesome icon-grape-leafs\"\n\t\t\t\t\t\t\t\t\t\t\t\t><span class=\"sc_icons_icon_type_fontawesome icon-grape-leafs\"\n\t\t\t\t\t\t\t\t\t\t\t\t\t><\/span><\/div><\/div><\/div><!-- \/.sc_icons -->[vc_empty_space height=\u00a0\u00bb\u00a0\u00bb alter_height=\u00a0\u00bbsmall\u00a0\u00bb hide_on_mobile=\u00a0\u00bb\u00a0\u00bb][vc_empty_space height=\u00a0\u00bb\u00a0\u00bb alter_height=\u00a0\u00bbsmall\u00a0\u00bb hide_on_mobile=\u00a0\u00bb\u00a0\u00bb]<div class=\"sc_testimonials sc_testimonials_simple swiper-slider-container slider_swiper slider_no_controls\" data-slides-min-width=\"150\"\t\t>\n\t\t<div class=\"sc_testimonials_slider sc_item_slider slides swiper-wrapper\"><div class=\"swiper-slide\">\t\t\t<div class=\"sc_testimonials_item\">\n\t\t\t\t<div class=\"sc_testimonials_item_content\"><p>\u00ab\u00a0Des fromages excellents !\u00a0\u00bb<\/p>\n<\/div>\n\t\t\t\t<div class=\"sc_testimonials_item_author\">\n\t\t\t\t\t<div class=\"sc_testimonials_item_author_data\">\n\t\t\t\t\t\t<h4 class=\"sc_testimonials_item_author_title\">Alain<\/h4>\n\t\t\t\t\t\t<div class=\"sc_testimonials_item_author_subtitle\"><\/div>\n\t\t\t\t\t<\/div>\n\t\t\t\t<\/div>\n\t\t\t<\/div>\n\t\t\t<\/div><div class=\"swiper-slide\">\t\t\t<div class=\"sc_testimonials_item\">\n\t\t\t\t<div class=\"sc_testimonials_item_content\"><p>\u00ab\u00a0chaque ann\u00e9e, nous attendons avec h\u00e2te la sortie du Brocciu de Xavier. L&rsquo;un des meilleurs !\u00a0\u00bb<\/p>\n<\/div>\n\t\t\t\t<div class=\"sc_testimonials_item_author\">\n\t\t\t\t\t<div class=\"sc_testimonials_item_author_data\">\n\t\t\t\t\t\t<h4 class=\"sc_testimonials_item_author_title\">B\u00e9atrice<\/h4>\n\t\t\t\t\t\t<div class=\"sc_testimonials_item_author_subtitle\"><\/div>\n\t\t\t\t\t<\/div>\n\t\t\t\t<\/div>\n\t\t\t<\/div>\n\t\t\t<\/div><\/div><\/div><!-- \/.sc_testimonials -->[vc_empty_space height=\u00a0\u00bb\u00a0\u00bb alter_height=\u00a0\u00bblarge\u00a0\u00bb hide_on_mobile=\u00a0\u00bb1&Prime;][\/vc_column][vc_column width=\u00a0\u00bb1\/6&Prime;][\/vc_column][vc_column][\/vc_column][\/vc_row][vc_row full_width=\u00a0\u00bbstretch_row_content_no_spaces\u00a0\u00bb content_placement=\u00a0\u00bbmiddle\u00a0\u00bb][vc_column][vc_single_image image=\u00a0\u00bb1038&Prime; img_size=\u00a0\u00bbfull\u00a0\u00bb alignment=\u00a0\u00bbcenter\u00a0\u00bb][\/vc_column][\/vc_row][vc_row][vc_column][\/vc_column][\/vc_row]<\/p>\n","protected":false},"excerpt":{"rendered":"<p>[vc_row full_width=\u00a0\u00bbstretch_row_content_no_spaces\u00a0\u00bb][vc_column][vc_single_image image=\u00a0\u00bb1028&Prime; img_size=\u00a0\u00bbfull\u00a0\u00bb][\/vc_column][\/vc_row][vc_row][vc_column width=\u00a0\u00bb1\/6&Prime;][\/vc_column][vc_column width=\u00a0\u00bb2\/3&Prime;][\/vc_column][vc_column width=\u00a0\u00bb1\/6&Prime;][\/vc_column][\/vc_row][vc_row full_width=\u00a0\u00bbstretch_row_content_no_spaces\u00a0\u00bb content_placement=\u00a0\u00bbmiddle\u00a0\u00bb][vc_column width=\u00a0\u00bb1\/2&Prime;][vc_single_image image=\u00a0\u00bb1036&Prime; img_size=\u00a0\u00bbfull\u00a0\u00bb alignment=\u00a0\u00bbcenter\u00a0\u00bb][\/vc_column][vc_column width=\u00a0\u00bb1\/2&Prime;][vc_single_image image=\u00a0\u00bb1033&Prime; img_size=\u00a0\u00bbfull\u00a0\u00bb][\/vc_column][\/vc_row][vc_row full_width=\u00a0\u00bbstretch_row\u00a0\u00bb scheme=\u00a0\u00bbdark\u00a0\u00bb][vc_column width=\u00a0\u00bb1\/6&Prime;][\/vc_column][vc_column width=\u00a0\u00bb2\/3&Prime;][vc_empty_space alter_height=\u00a0\u00bbsmall\u00a0\u00bb hide_on_mobile=\u00a0\u00bb\u00a0\u00bb][vc_empty_space height=\u00a0\u00bb\u00a0\u00bb alter_height=\u00a0\u00bbsmall\u00a0\u00bb hide_on_mobile=\u00a0\u00bb\u00a0\u00bb][vc_empty_space height=\u00a0\u00bb\u00a0\u00bb alter_height=\u00a0\u00bbsmall\u00a0\u00bb hide_on_mobile=\u00a0\u00bb\u00a0\u00bb][vc_empty_space height=\u00a0\u00bb\u00a0\u00bb alter_height=\u00a0\u00bblarge\u00a0\u00bb hide_on_mobile=\u00a0\u00bb1&Prime;][\/vc_column][vc_column width=\u00a0\u00bb1\/6&Prime;][\/vc_column][vc_column][\/vc_column][\/vc_row][vc_row full_width=\u00a0\u00bbstretch_row_content_no_spaces\u00a0\u00bb content_placement=\u00a0\u00bbmiddle\u00a0\u00bb][vc_column][vc_single_image image=\u00a0\u00bb1038&Prime; img_size=\u00a0\u00bbfull\u00a0\u00bb alignment=\u00a0\u00bbcenter\u00a0\u00bb][\/vc_column][\/vc_row][vc_row][vc_column][\/vc_column][\/vc_row]<\/p>\n","protected":false},"author":1,"featured_media":0,"parent":0,"menu_order":0,"comment_status":"closed","ping_status":"closed","template":"","meta":[],"_links":{"self":[{"href":"https:\/\/www.fiore-di-muntagna.com\/index.php?rest_route=\/wp\/v2\/pages\/36"}],"collection":[{"href":"https:\/\/www.fiore-di-muntagna.com\/index.php?rest_route=\/wp\/v2\/pages"}],"about":[{"href":"https:\/\/www.fiore-di-muntagna.com\/index.php?rest_route=\/wp\/v2\/types\/page"}],"author":[{"embeddable":true,"href":"https:\/\/www.fiore-di-muntagna.com\/index.php?rest_route=\/wp\/v2\/users\/1"}],"replies":[{"embeddable":true,"href":"https:\/\/www.fiore-di-muntagna.com\/index.php?rest_route=%2Fwp%2Fv2%2Fcomments&post=36"}],"version-history":[{"count":36,"href":"https:\/\/www.fiore-di-muntagna.com\/index.php?rest_route=\/wp\/v2\/pages\/36\/revisions"}],"predecessor-version":[{"id":1055,"href":"https:\/\/www.fiore-di-muntagna.com\/index.php?rest_route=\/wp\/v2\/pages\/36\/revisions\/1055"}],"wp:attachment":[{"href":"https:\/\/www.fiore-di-muntagna.com\/index.php?rest_route=%2Fwp%2Fv2%2Fmedia&parent=36"}],"curies":[{"name":"wp","href":"https:\/\/api.w.org\/{rel}","templated":true}]}}