

{"id":894,"date":"2016-12-12T19:16:50","date_gmt":"2016-12-12T18:16:50","guid":{"rendered":"https:\/\/www.fiore-di-muntagna.com\/?page_id=894"},"modified":"2016-12-14T11:47:57","modified_gmt":"2016-12-14T10:47:57","slug":"recettes","status":"publish","type":"page","link":"https:\/\/www.fiore-di-muntagna.com\/?page_id=894","title":{"rendered":"Recettes"},"content":{"rendered":"<p>[vc_row full_width=\u00a0\u00bbstretch_row_content_no_spaces\u00a0\u00bb content_placement=\u00a0\u00bbtop\u00a0\u00bb css=\u00a0\u00bb.vc_custom_1481643718952{margin-top: 0px !important;border-top-width: 0px !important;padding-top: 0px !important;}\u00a0\u00bb][vc_column][\/vc_column][\/vc_row][vc_row full_width=\u00a0\u00bbstretch_row_content_no_spaces\u00a0\u00bb][vc_column]<div class=\"sc_blogger sc_blogger_classic\" data-slides-per-view=\"3\" data-slides-min-width=\"150\"\t\t>\n\t\t<h5 class=\"sc_item_subtitle sc_blogger_subtitle\">D\u00e9couvrez toutes nos recettes originales, cuisin\u00e9es ou agr\u00e9ment\u00e9es de nos fromages.<\/h5><div class=\"sc_blogger_columns sc_item_columns trx_addons_columns_wrap columns_padding_bottom\"><div class=\"trx_addons_column-1_3\"><div id=\"post-1021\"\tclass=\"sc_blogger_item post_format_standard post-1021 post type-post status-publish format-standard has-post-thumbnail hentry category-recettes category-recettes-brocciu\"><div class=\"sc_blogger_item_featured post_featured with_thumb hover_icon\">\n\t\t\t<img width=\"370\" height=\"231\" src=\"https:\/\/www.fiore-di-muntagna.com\/wp-content\/uploads\/2016\/12\/Fotolia_5772629_XL-370x231.jpg\" class=\"attachment-laon_wine_house-thumb-med size-laon_wine_house-thumb-med wp-post-image\" alt=\"Mousse de Brocciu \u00e0 la cl\u00e9mentine\" decoding=\"async\" loading=\"lazy\" srcset=\"https:\/\/www.fiore-di-muntagna.com\/wp-content\/uploads\/2016\/12\/Fotolia_5772629_XL-370x231.jpg 370w, https:\/\/www.fiore-di-muntagna.com\/wp-content\/uploads\/2016\/12\/Fotolia_5772629_XL-1170x731.jpg 1170w, https:\/\/www.fiore-di-muntagna.com\/wp-content\/uploads\/2016\/12\/Fotolia_5772629_XL-770x481.jpg 770w, https:\/\/www.fiore-di-muntagna.com\/wp-content\/uploads\/2016\/12\/Fotolia_5772629_XL-270x169.jpg 270w\" sizes=\"(max-width: 370px) 100vw, 370px\" \/>\t\t\t<div class=\"mask\"><\/div>\n\t\t\t<div class=\"icons\"><a href=\"https:\/\/www.fiore-di-muntagna.com\/?p=1021\" aria-hidden=\"true\" class=\"icon-glass\"><\/a><\/div>\t\t<\/div><div class=\"sc_blogger_item_content entry-content\"><div class=\"sc_blogger_item_header entry-header\"><h4 class=\"sc_blogger_item_title entry-title\"><a href=\"https:\/\/www.fiore-di-muntagna.com\/?p=1021\" rel=\"bookmark\">Mousse de Brocciu \u00e0 la cl\u00e9mentine<\/a><\/h4><div class=\"sc_blogger_post_meta post_meta\"><span class=\"post_meta_item post_date\"><a href=\"https:\/\/www.fiore-di-muntagna.com\/?p=1021\">14 d\u00e9cembre 2016<\/a><\/span><\/div><!-- .post_meta --><\/div><!-- .entry-header --><\/div><!-- .entry-content --><\/div><!-- .sc_blogger_item --><\/div><div class=\"trx_addons_column-1_3\"><div id=\"post-905\"\tclass=\"sc_blogger_item post_format_standard post-905 post type-post status-publish format-standard has-post-thumbnail hentry category-recettes category-recettes-corsetin\"><div class=\"sc_blogger_item_featured post_featured with_thumb hover_icon\">\n\t\t\t<img width=\"361\" height=\"231\" src=\"https:\/\/www.fiore-di-muntagna.com\/wp-content\/uploads\/2016\/12\/240_F_45277804_kYzHkq1g8tMprWncmndwezlMMsm4CP9n-361x231.jpg\" class=\"attachment-laon_wine_house-thumb-med size-laon_wine_house-thumb-med wp-post-image\" alt=\"Aum\u00f4ni\u00e8res au Corsetin\" decoding=\"async\" loading=\"lazy\" \/>\t\t\t<div class=\"mask\"><\/div>\n\t\t\t<div class=\"icons\"><a href=\"https:\/\/www.fiore-di-muntagna.com\/?p=905\" aria-hidden=\"true\" class=\"icon-glass\"><\/a><\/div>\t\t<\/div><div class=\"sc_blogger_item_content entry-content\"><div class=\"sc_blogger_item_header entry-header\"><h4 class=\"sc_blogger_item_title entry-title\"><a href=\"https:\/\/www.fiore-di-muntagna.com\/?p=905\" rel=\"bookmark\">Aum\u00f4ni\u00e8res au Corsetin<\/a><\/h4><div class=\"sc_blogger_post_meta post_meta\"><span class=\"post_meta_item post_date\"><a href=\"https:\/\/www.fiore-di-muntagna.com\/?p=905\">13 d\u00e9cembre 2016<\/a><\/span><\/div><!-- .post_meta --><\/div><!-- .entry-header --><\/div><!-- .entry-content --><\/div><!-- .sc_blogger_item --><\/div><div class=\"trx_addons_column-1_3\"><div id=\"post-902\"\tclass=\"sc_blogger_item post_format_standard post-902 post type-post status-publish format-standard has-post-thumbnail hentry category-recettes category-recettes-brocciu\"><div class=\"sc_blogger_item_featured post_featured with_thumb hover_icon\">\n\t\t\t<img width=\"308\" height=\"231\" src=\"https:\/\/www.fiore-di-muntagna.com\/wp-content\/uploads\/2016\/12\/untitled2.bmp\" class=\"attachment-laon_wine_house-thumb-med size-laon_wine_house-thumb-med wp-post-image\" alt=\"Fiadone aux fruits secs\" decoding=\"async\" loading=\"lazy\" \/>\t\t\t<div class=\"mask\"><\/div>\n\t\t\t<div class=\"icons\"><a href=\"https:\/\/www.fiore-di-muntagna.com\/?p=902\" aria-hidden=\"true\" class=\"icon-glass\"><\/a><\/div>\t\t<\/div><div class=\"sc_blogger_item_content entry-content\"><div class=\"sc_blogger_item_header entry-header\"><h4 class=\"sc_blogger_item_title entry-title\"><a href=\"https:\/\/www.fiore-di-muntagna.com\/?p=902\" rel=\"bookmark\">Fiadone aux fruits secs<\/a><\/h4><div class=\"sc_blogger_post_meta post_meta\"><span class=\"post_meta_item post_date\"><a href=\"https:\/\/www.fiore-di-muntagna.com\/?p=902\">13 d\u00e9cembre 2016<\/a><\/span><\/div><!-- .post_meta --><\/div><!-- .entry-header --><\/div><!-- .entry-content --><\/div><!-- .sc_blogger_item --><\/div><div class=\"trx_addons_column-1_3\"><div id=\"post-899\"\tclass=\"sc_blogger_item post_format_standard post-899 post type-post status-publish format-standard has-post-thumbnail hentry category-recettes category-recettes-corsetin\"><div class=\"sc_blogger_item_featured post_featured with_thumb hover_icon\">\n\t\t\t<img width=\"350\" height=\"231\" src=\"https:\/\/www.fiore-di-muntagna.com\/wp-content\/uploads\/2016\/12\/courgettes-de-nice-farcies-au-risotto-de-ble-350x231.jpg\" class=\"attachment-laon_wine_house-thumb-med size-laon_wine_house-thumb-med wp-post-image\" alt=\"Jeunes courgettes r\u00e2p\u00e9es au Corsetin\" decoding=\"async\" loading=\"lazy\" \/>\t\t\t<div class=\"mask\"><\/div>\n\t\t\t<div class=\"icons\"><a href=\"https:\/\/www.fiore-di-muntagna.com\/?p=899\" aria-hidden=\"true\" class=\"icon-glass\"><\/a><\/div>\t\t<\/div><div class=\"sc_blogger_item_content entry-content\"><div class=\"sc_blogger_item_header entry-header\"><h4 class=\"sc_blogger_item_title entry-title\"><a href=\"https:\/\/www.fiore-di-muntagna.com\/?p=899\" rel=\"bookmark\">Jeunes courgettes r\u00e2p\u00e9es au Corsetin<\/a><\/h4><div class=\"sc_blogger_post_meta post_meta\"><span class=\"post_meta_item post_date\"><a href=\"https:\/\/www.fiore-di-muntagna.com\/?p=899\">13 d\u00e9cembre 2016<\/a><\/span><\/div><!-- .post_meta --><\/div><!-- .entry-header --><\/div><!-- .entry-content --><\/div><!-- .sc_blogger_item --><\/div><div class=\"trx_addons_column-1_3\"><div id=\"post-888\"\tclass=\"sc_blogger_item post_format_standard post-888 post type-post status-publish format-standard has-post-thumbnail hentry category-recettes category-recettes-brocciu\"><div class=\"sc_blogger_item_featured post_featured with_thumb hover_icon\">\n\t\t\t<img width=\"370\" height=\"231\" src=\"https:\/\/www.fiore-di-muntagna.com\/wp-content\/uploads\/2016\/12\/roulades-de-saumon-au-broccio-frais-370x231.jpg\" class=\"attachment-laon_wine_house-thumb-med size-laon_wine_house-thumb-med wp-post-image\" alt=\"Roulades de saumon fum\u00e9 au brocciu\" decoding=\"async\" loading=\"lazy\" srcset=\"https:\/\/www.fiore-di-muntagna.com\/wp-content\/uploads\/2016\/12\/roulades-de-saumon-au-broccio-frais-370x231.jpg 370w, https:\/\/www.fiore-di-muntagna.com\/wp-content\/uploads\/2016\/12\/roulades-de-saumon-au-broccio-frais-1170x731.jpg 1170w, https:\/\/www.fiore-di-muntagna.com\/wp-content\/uploads\/2016\/12\/roulades-de-saumon-au-broccio-frais-770x481.jpg 770w, https:\/\/www.fiore-di-muntagna.com\/wp-content\/uploads\/2016\/12\/roulades-de-saumon-au-broccio-frais-270x169.jpg 270w\" sizes=\"(max-width: 370px) 100vw, 370px\" \/>\t\t\t<div class=\"mask\"><\/div>\n\t\t\t<div class=\"icons\"><a href=\"https:\/\/www.fiore-di-muntagna.com\/?p=888\" aria-hidden=\"true\" class=\"icon-glass\"><\/a><\/div>\t\t<\/div><div class=\"sc_blogger_item_content entry-content\"><div class=\"sc_blogger_item_header entry-header\"><h4 class=\"sc_blogger_item_title entry-title\"><a href=\"https:\/\/www.fiore-di-muntagna.com\/?p=888\" rel=\"bookmark\">Roulades de saumon fum\u00e9 au brocciu<\/a><\/h4><div class=\"sc_blogger_post_meta post_meta\"><span class=\"post_meta_item post_date\"><a href=\"https:\/\/www.fiore-di-muntagna.com\/?p=888\">12 d\u00e9cembre 2016<\/a><\/span><\/div><!-- .post_meta --><\/div><!-- .entry-header --><\/div><!-- .entry-content --><\/div><!-- .sc_blogger_item --><\/div><\/div><\/div><!-- \/.sc_blogger -->[\/vc_column][\/vc_row]<\/p>\n","protected":false},"excerpt":{"rendered":"<p>[vc_row full_width=\u00a0\u00bbstretch_row_content_no_spaces\u00a0\u00bb content_placement=\u00a0\u00bbtop\u00a0\u00bb css=\u00a0\u00bb.vc_custom_1481643718952{margin-top: 0px !important;border-top-width: 0px !important;padding-top: 0px !important;}\u00a0\u00bb][vc_column][\/vc_column][\/vc_row][vc_row full_width=\u00a0\u00bbstretch_row_content_no_spaces\u00a0\u00bb][vc_column][\/vc_column][\/vc_row]<\/p>\n","protected":false},"author":1,"featured_media":0,"parent":0,"menu_order":0,"comment_status":"closed","ping_status":"closed","template":"","meta":[],"_links":{"self":[{"href":"https:\/\/www.fiore-di-muntagna.com\/index.php?rest_route=\/wp\/v2\/pages\/894"}],"collection":[{"href":"https:\/\/www.fiore-di-muntagna.com\/index.php?rest_route=\/wp\/v2\/pages"}],"about":[{"href":"https:\/\/www.fiore-di-muntagna.com\/index.php?rest_route=\/wp\/v2\/types\/page"}],"author":[{"embeddable":true,"href":"https:\/\/www.fiore-di-muntagna.com\/index.php?rest_route=\/wp\/v2\/users\/1"}],"replies":[{"embeddable":true,"href":"https:\/\/www.fiore-di-muntagna.com\/index.php?rest_route=%2Fwp%2Fv2%2Fcomments&post=894"}],"version-history":[{"count":4,"href":"https:\/\/www.fiore-di-muntagna.com\/index.php?rest_route=\/wp\/v2\/pages\/894\/revisions"}],"predecessor-version":[{"id":956,"href":"https:\/\/www.fiore-di-muntagna.com\/index.php?rest_route=\/wp\/v2\/pages\/894\/revisions\/956"}],"wp:attachment":[{"href":"https:\/\/www.fiore-di-muntagna.com\/index.php?rest_route=%2Fwp%2Fv2%2Fmedia&parent=894"}],"curies":[{"name":"wp","href":"https:\/\/api.w.org\/{rel}","templated":true}]}}